{"id":2148,"date":"2023-08-09T10:27:46","date_gmt":"2023-08-09T10:27:46","guid":{"rendered":"http:\/\/retail-services.net\/cookies-richtlinie\/"},"modified":"2024-11-22T17:05:04","modified_gmt":"2024-11-22T17:05:04","slug":"cookies-richtlinie","status":"publish","type":"page","link":"https:\/\/retail-services.net\/de\/cookies-richtlinie\/","title":{"rendered":"Cookies Richtlinie"},"content":{"rendered":"\t\t<div data-elementor-type=\"wp-page\" data-elementor-id=\"2148\" class=\"elementor elementor-2148 elementor-2143\" data-elementor-post-type=\"page\">\n\t\t\t\t\t\t<section class=\"elementor-section elementor-top-section elementor-element elementor-element-e943554 elementor-section-boxed elementor-section-height-default elementor-section-height-default\" data-id=\"e943554\" data-element_type=\"section\" data-e-type=\"section\">\n\t\t\t\t\t\t<div class=\"elementor-container elementor-column-gap-default\">\n\t\t\t\t\t<div class=\"elementor-column elementor-col-100 elementor-top-column elementor-element elementor-element-4625cd4\" data-id=\"4625cd4\" data-element_type=\"column\" data-e-type=\"column\">\n\t\t\t<div class=\"elementor-widget-wrap elementor-element-populated\">\n\t\t\t\t\t\t<div class=\"elementor-element elementor-element-0dd0954 elementor-widget elementor-widget-text-editor\" data-id=\"0dd0954\" data-element_type=\"widget\" data-e-type=\"widget\" data-widget_type=\"text-editor.default\">\n\t\t\t\t<div class=\"elementor-widget-container\">\n\t\t\t\t\t\t\t\t\t<p>Cookies Richtlinie &#8211; <a href=\"https:\/\/retail-services.net\/de\/\">Home<\/a><\/p>\n\t\t\t\t\t\t\t\t<\/div>\n\t\t\t\t<\/div>\n\t\t\t\t<div class=\"elementor-element elementor-element-475fc21 elementor-widget elementor-widget-heading\" data-id=\"475fc21\" data-element_type=\"widget\" data-e-type=\"widget\" data-widget_type=\"heading.default\">\n\t\t\t\t<div class=\"elementor-widget-container\">\n\t\t\t\t\t<div class=\"elementor-heading-title elementor-size-default\">World of Retail Services<\/div>\t\t\t\t<\/div>\n\t\t\t\t<\/div>\n\t\t\t\t<div class=\"elementor-element elementor-element-a3cd2dd elementor-widget elementor-widget-heading\" data-id=\"a3cd2dd\" data-element_type=\"widget\" data-e-type=\"widget\" data-widget_type=\"heading.default\">\n\t\t\t\t<div class=\"elementor-widget-container\">\n\t\t\t\t\t<h1 class=\"elementor-heading-title elementor-size-default\">Cookies Richtlinie World of Retail Services GmbH<\/h1>\t\t\t\t<\/div>\n\t\t\t\t<\/div>\n\t\t\t\t<div class=\"elementor-element elementor-element-bbfcb2b elementor-widget elementor-widget-text-editor\" data-id=\"bbfcb2b\" data-element_type=\"widget\" data-e-type=\"widget\" data-widget_type=\"text-editor.default\">\n\t\t\t\t<div class=\"elementor-widget-container\">\n\t\t\t\t\t\t\t\t\t<p><span style=\"font-weight: 400;\">Diese Website verwendet Cookies, um die Benutzererfahrung zu verbessern und Analysen zur Nutzung der Website bereitzustellen. Cookies sind kleine Textdateien, die auf Ihrem Ger\u00e4t gespeichert werden, wenn Sie eine Website besuchen. Sie helfen der Website, sich an Ihre Einstellungen zu erinnern und Ihr Browsererlebnis zu verbessern.<\/span><\/p>\n<p><span style=\"font-weight: 400;\">Durch die Nutzung dieser Website erkl\u00e4ren Sie sich mit der Verwendung von Cookies gem\u00e4\u00df dieser Cookie-Richtlinie einverstanden. Sie k\u00f6nnen Cookies in Ihren Browser-Einstellungen jederzeit verwalten oder deaktivieren. Bitte beachten Sie jedoch, dass einige Funktionen der Website m\u00f6glicherweise nicht ordnungsgem\u00e4\u00df funktionieren, wenn Cookies deaktiviert sind.<\/span><\/p>\n<p><span style=\"font-weight: 400;\">Wir verwenden m\u00f6glicherweise auch Cookies von Drittanbietern von vertrauensw\u00fcrdigen Partnern zu Tracking- und Werbezwecken. Diese Cookies k\u00f6nnen Informationen \u00fcber Ihre Browsing-Gewohnheiten sammeln, um Anzeigen zu personalisieren und zielgerichtete Inhalte bereitzustellen.<\/span><\/p>\n<p><span style=\"font-weight: 400;\">Wir verpflichten uns, alle Gesetze, Vorschriften und Richtlinien f\u00fcr die Art der von uns verwendeten Cookies, die Zwecke, f\u00fcr die wir sie verwenden, und Ihr Recht, Ihre Cookie-Einstellungen zu verwalten, einzuhalten.<\/span><\/p>\n\t\t\t\t\t\t\t\t<\/div>\n\t\t\t\t<\/div>\n\t\t\t\t\t<\/div>\n\t\t<\/div>\n\t\t\t\t\t<\/div>\n\t\t<\/section>\n\t\t\t\t<\/div>\n\t\t","protected":false},"excerpt":{"rendered":"<p>Cookies Richtlinie &#8211; Home World of Retail Services Cookies Richtlinie World of Retail Services GmbH Diese Website verwendet Cookies, um die Benutzererfahrung zu verbessern und Analysen zur Nutzung der Website bereitzustellen. Cookies sind kleine Textdateien, die auf Ihrem Ger\u00e4t gespeichert werden, wenn Sie eine Website besuchen. Sie helfen der Website, sich an Ihre Einstellungen zu [&hellip;]<\/p>\n","protected":false},"author":1,"featured_media":0,"parent":0,"menu_order":0,"comment_status":"closed","ping_status":"closed","template":"","meta":{"footnotes":""},"class_list":["post-2148","page","type-page","status-publish","hentry"],"yoast_head":"<!-- This site is optimized with the Yoast SEO plugin v27.3 - https:\/\/yoast.com\/product\/yoast-seo-wordpress\/ -->\n<title>Cookies Richtlinie - World of Retail Services<\/title>\n<meta name=\"robots\" content=\"index, follow, max-snippet:-1, max-image-preview:large, max-video-preview:-1\" \/>\n<link rel=\"canonical\" href=\"https:\/\/retail-services.net\/cookies-policy\/\" \/>\n<meta property=\"og:locale\" content=\"de_DE\" \/>\n<meta property=\"og:type\" content=\"article\" \/>\n<meta property=\"og:title\" content=\"Cookies Richtlinie - World of Retail Services\" \/>\n<meta property=\"og:description\" content=\"Cookies Richtlinie &#8211; Home World of Retail Services Cookies Richtlinie World of Retail Services GmbH Diese Website verwendet Cookies, um die Benutzererfahrung zu verbessern und Analysen zur Nutzung der Website bereitzustellen. Cookies sind kleine Textdateien, die auf Ihrem Ger\u00e4t gespeichert werden, wenn Sie eine Website besuchen. Sie helfen der Website, sich an Ihre Einstellungen zu [&hellip;]\" \/>\n<meta property=\"og:url\" content=\"https:\/\/retail-services.net\/cookies-policy\/\" \/>\n<meta property=\"og:site_name\" content=\"World of Retail Services\" \/>\n<meta property=\"article:publisher\" content=\"https:\/\/www.facebook.com\/WorldofRetailServices\/\" \/>\n<meta property=\"article:modified_time\" content=\"2024-11-22T17:05:04+00:00\" \/>\n<meta name=\"twitter:card\" content=\"summary_large_image\" \/>\n<meta name=\"twitter:label1\" content=\"Gesch\u00e4tzte Lesezeit\" \/>\n\t<meta name=\"twitter:data1\" content=\"1\u00a0Minute\" \/>\n<script type=\"application\/ld+json\" class=\"yoast-schema-graph\">{\"@context\":\"https:\\\/\\\/schema.org\",\"@graph\":[{\"@type\":\"WebPage\",\"@id\":\"https:\\\/\\\/retail-services.net\\\/cookies-policy\\\/\",\"url\":\"https:\\\/\\\/retail-services.net\\\/cookies-policy\\\/\",\"name\":\"Cookies Richtlinie - World of Retail Services\",\"isPartOf\":{\"@id\":\"https:\\\/\\\/retail-services.net\\\/de\\\/#website\"},\"datePublished\":\"2023-08-09T10:27:46+00:00\",\"dateModified\":\"2024-11-22T17:05:04+00:00\",\"breadcrumb\":{\"@id\":\"https:\\\/\\\/retail-services.net\\\/cookies-policy\\\/#breadcrumb\"},\"inLanguage\":\"de\",\"potentialAction\":[{\"@type\":\"ReadAction\",\"target\":[\"https:\\\/\\\/retail-services.net\\\/cookies-policy\\\/\"]}]},{\"@type\":\"BreadcrumbList\",\"@id\":\"https:\\\/\\\/retail-services.net\\\/cookies-policy\\\/#breadcrumb\",\"itemListElement\":[{\"@type\":\"ListItem\",\"position\":1,\"name\":\"Home\",\"item\":\"https:\\\/\\\/retail-services.net\\\/\"},{\"@type\":\"ListItem\",\"position\":2,\"name\":\"Cookies Richtlinie\"}]},{\"@type\":\"WebSite\",\"@id\":\"https:\\\/\\\/retail-services.net\\\/de\\\/#website\",\"url\":\"https:\\\/\\\/retail-services.net\\\/de\\\/\",\"name\":\"World of Retail Services\",\"description\":\"\",\"publisher\":{\"@id\":\"https:\\\/\\\/retail-services.net\\\/de\\\/#organization\"},\"potentialAction\":[{\"@type\":\"SearchAction\",\"target\":{\"@type\":\"EntryPoint\",\"urlTemplate\":\"https:\\\/\\\/retail-services.net\\\/de\\\/?s={search_term_string}\"},\"query-input\":{\"@type\":\"PropertyValueSpecification\",\"valueRequired\":true,\"valueName\":\"search_term_string\"}}],\"inLanguage\":\"de\"},{\"@type\":\"Organization\",\"@id\":\"https:\\\/\\\/retail-services.net\\\/de\\\/#organization\",\"name\":\"World of Retail Services\",\"url\":\"https:\\\/\\\/retail-services.net\\\/de\\\/\",\"logo\":{\"@type\":\"ImageObject\",\"inLanguage\":\"de\",\"@id\":\"https:\\\/\\\/retail-services.net\\\/de\\\/#\\\/schema\\\/logo\\\/image\\\/\",\"url\":\"https:\\\/\\\/retail-services.net\\\/wp-content\\\/uploads\\\/2023\\\/06\\\/WRS-logo-color.png\",\"contentUrl\":\"https:\\\/\\\/retail-services.net\\\/wp-content\\\/uploads\\\/2023\\\/06\\\/WRS-logo-color.png\",\"width\":616,\"height\":249,\"caption\":\"World of Retail Services\"},\"image\":{\"@id\":\"https:\\\/\\\/retail-services.net\\\/de\\\/#\\\/schema\\\/logo\\\/image\\\/\"},\"sameAs\":[\"https:\\\/\\\/www.facebook.com\\\/WorldofRetailServices\\\/\",\"https:\\\/\\\/www.linkedin.com\\\/company\\\/world-of-retail-services\\\/?originalSubdomain=es\"]}]}<\/script>\n<!-- \/ Yoast SEO plugin. -->","yoast_head_json":{"title":"Cookies Richtlinie - World of Retail Services","robots":{"index":"index","follow":"follow","max-snippet":"max-snippet:-1","max-image-preview":"max-image-preview:large","max-video-preview":"max-video-preview:-1"},"canonical":"https:\/\/retail-services.net\/cookies-policy\/","og_locale":"de_DE","og_type":"article","og_title":"Cookies Richtlinie - World of Retail Services","og_description":"Cookies Richtlinie &#8211; Home World of Retail Services Cookies Richtlinie World of Retail Services GmbH Diese Website verwendet Cookies, um die Benutzererfahrung zu verbessern und Analysen zur Nutzung der Website bereitzustellen. Cookies sind kleine Textdateien, die auf Ihrem Ger\u00e4t gespeichert werden, wenn Sie eine Website besuchen. Sie helfen der Website, sich an Ihre Einstellungen zu [&hellip;]","og_url":"https:\/\/retail-services.net\/cookies-policy\/","og_site_name":"World of Retail Services","article_publisher":"https:\/\/www.facebook.com\/WorldofRetailServices\/","article_modified_time":"2024-11-22T17:05:04+00:00","twitter_card":"summary_large_image","twitter_misc":{"Gesch\u00e4tzte Lesezeit":"1\u00a0Minute"},"schema":{"@context":"https:\/\/schema.org","@graph":[{"@type":"WebPage","@id":"https:\/\/retail-services.net\/cookies-policy\/","url":"https:\/\/retail-services.net\/cookies-policy\/","name":"Cookies Richtlinie - World of Retail Services","isPartOf":{"@id":"https:\/\/retail-services.net\/de\/#website"},"datePublished":"2023-08-09T10:27:46+00:00","dateModified":"2024-11-22T17:05:04+00:00","breadcrumb":{"@id":"https:\/\/retail-services.net\/cookies-policy\/#breadcrumb"},"inLanguage":"de","potentialAction":[{"@type":"ReadAction","target":["https:\/\/retail-services.net\/cookies-policy\/"]}]},{"@type":"BreadcrumbList","@id":"https:\/\/retail-services.net\/cookies-policy\/#breadcrumb","itemListElement":[{"@type":"ListItem","position":1,"name":"Home","item":"https:\/\/retail-services.net\/"},{"@type":"ListItem","position":2,"name":"Cookies Richtlinie"}]},{"@type":"WebSite","@id":"https:\/\/retail-services.net\/de\/#website","url":"https:\/\/retail-services.net\/de\/","name":"World of Retail Services","description":"","publisher":{"@id":"https:\/\/retail-services.net\/de\/#organization"},"potentialAction":[{"@type":"SearchAction","target":{"@type":"EntryPoint","urlTemplate":"https:\/\/retail-services.net\/de\/?s={search_term_string}"},"query-input":{"@type":"PropertyValueSpecification","valueRequired":true,"valueName":"search_term_string"}}],"inLanguage":"de"},{"@type":"Organization","@id":"https:\/\/retail-services.net\/de\/#organization","name":"World of Retail Services","url":"https:\/\/retail-services.net\/de\/","logo":{"@type":"ImageObject","inLanguage":"de","@id":"https:\/\/retail-services.net\/de\/#\/schema\/logo\/image\/","url":"https:\/\/retail-services.net\/wp-content\/uploads\/2023\/06\/WRS-logo-color.png","contentUrl":"https:\/\/retail-services.net\/wp-content\/uploads\/2023\/06\/WRS-logo-color.png","width":616,"height":249,"caption":"World of Retail Services"},"image":{"@id":"https:\/\/retail-services.net\/de\/#\/schema\/logo\/image\/"},"sameAs":["https:\/\/www.facebook.com\/WorldofRetailServices\/","https:\/\/www.linkedin.com\/company\/world-of-retail-services\/?originalSubdomain=es"]}]}},"_links":{"self":[{"href":"https:\/\/retail-services.net\/de\/wp-json\/wp\/v2\/pages\/2148","targetHints":{"allow":["GET"]}}],"collection":[{"href":"https:\/\/retail-services.net\/de\/wp-json\/wp\/v2\/pages"}],"about":[{"href":"https:\/\/retail-services.net\/de\/wp-json\/wp\/v2\/types\/page"}],"author":[{"embeddable":true,"href":"https:\/\/retail-services.net\/de\/wp-json\/wp\/v2\/users\/1"}],"replies":[{"embeddable":true,"href":"https:\/\/retail-services.net\/de\/wp-json\/wp\/v2\/comments?post=2148"}],"version-history":[{"count":7,"href":"https:\/\/retail-services.net\/de\/wp-json\/wp\/v2\/pages\/2148\/revisions"}],"predecessor-version":[{"id":3352,"href":"https:\/\/retail-services.net\/de\/wp-json\/wp\/v2\/pages\/2148\/revisions\/3352"}],"wp:attachment":[{"href":"https:\/\/retail-services.net\/de\/wp-json\/wp\/v2\/media?parent=2148"}],"curies":[{"name":"wp","href":"https:\/\/api.w.org\/{rel}","templated":true}]}}