{"id":2139,"date":"2023-07-27T09:57:21","date_gmt":"2023-07-27T09:57:21","guid":{"rendered":"http:\/\/retail-services.net\/partnerportal\/"},"modified":"2023-08-10T17:21:05","modified_gmt":"2023-08-10T17:21:05","slug":"partnerportal","status":"publish","type":"page","link":"https:\/\/retail-services.net\/de\/partnerportal\/","title":{"rendered":"Partnerportal"},"content":{"rendered":"\t\t<div data-elementor-type=\"wp-page\" data-elementor-id=\"2139\" class=\"elementor elementor-2139 elementor-1152\" data-elementor-post-type=\"page\">\n\t\t\t\t\t\t<section class=\"elementor-section elementor-top-section elementor-element elementor-element-37a069b elementor-section-boxed elementor-section-height-default elementor-section-height-default\" data-id=\"37a069b\" data-element_type=\"section\" data-e-type=\"section\" data-settings=\"{&quot;background_background&quot;:&quot;classic&quot;}\">\n\t\t\t\t\t\t<div class=\"elementor-container elementor-column-gap-default\">\n\t\t\t\t\t<div class=\"elementor-column elementor-col-50 elementor-top-column elementor-element elementor-element-d8c9e69 animated-slow elementor-invisible\" data-id=\"d8c9e69\" data-element_type=\"column\" data-e-type=\"column\" data-settings=\"{&quot;background_background&quot;:&quot;classic&quot;,&quot;animation&quot;:&quot;fadeInLeft&quot;}\">\n\t\t\t<div class=\"elementor-widget-wrap elementor-element-populated\">\n\t\t\t\t\t<div class=\"elementor-background-overlay\"><\/div>\n\t\t\t\t\t\t<div class=\"elementor-element elementor-element-ef06320 elementor-widget elementor-widget-text-editor\" data-id=\"ef06320\" data-element_type=\"widget\" data-e-type=\"widget\" data-widget_type=\"text-editor.default\">\n\t\t\t\t<div class=\"elementor-widget-container\">\n\t\t\t\t\t\t\t\t\t<p>Partnerportal &#8211; <a href=\"https:\/\/retail-services.net\/de\/\">Home<\/a><\/p>\n\t\t\t\t\t\t\t\t<\/div>\n\t\t\t\t<\/div>\n\t\t\t\t<div class=\"elementor-element elementor-element-774c5a8 elementor-widget elementor-widget-heading\" data-id=\"774c5a8\" data-element_type=\"widget\" data-e-type=\"widget\" data-widget_type=\"heading.default\">\n\t\t\t\t<div class=\"elementor-widget-container\">\n\t\t\t\t\t<h1 class=\"elementor-heading-title elementor-size-default\">Discover WRS<\/h1>\t\t\t\t<\/div>\n\t\t\t\t<\/div>\n\t\t\t\t<div class=\"elementor-element elementor-element-f9e21ec elementor-widget elementor-widget-heading\" data-id=\"f9e21ec\" data-element_type=\"widget\" data-e-type=\"widget\" data-widget_type=\"heading.default\">\n\t\t\t\t<div class=\"elementor-widget-container\">\n\t\t\t\t\t<h2 class=\"elementor-heading-title elementor-size-default\">Partnerportal<\/h2>\t\t\t\t<\/div>\n\t\t\t\t<\/div>\n\t\t\t\t<div class=\"elementor-element elementor-element-4d8e258 elementor-widget elementor-widget-text-editor\" data-id=\"4d8e258\" data-element_type=\"widget\" data-e-type=\"widget\" data-widget_type=\"text-editor.default\">\n\t\t\t\t<div class=\"elementor-widget-container\">\n\t\t\t\t\t\t\t\t\t<p>Willkommen auf unserem Partnerportal, Ihrem Tor zu wertvollen Informationen und M\u00f6glichkeiten der Zusammenarbeit. Werden Sie Mitglied in unserem Netzwerk von vertrauensw\u00fcrdigen Partnern und erhalten Sie Zugang zu wertvollen Ressourcen und Unterst\u00fctzung f\u00fcr Ihre Retail-Projekte. Nehmen Sie jetzt Kontakt auf, um die Vorteile einer Partnerschaft mit World of Retail Services zu entdecken.<\/p>\n\t\t\t\t\t\t\t\t<\/div>\n\t\t\t\t<\/div>\n\t\t\t\t\t<\/div>\n\t\t<\/div>\n\t\t\t\t<div class=\"elementor-column elementor-col-50 elementor-top-column elementor-element elementor-element-c8a54ad\" data-id=\"c8a54ad\" data-element_type=\"column\" data-e-type=\"column\">\n\t\t\t<div class=\"elementor-widget-wrap elementor-element-populated\">\n\t\t\t\t\t\t<div class=\"elementor-element elementor-element-03c4b40 animated-slow elementor-button-align-stretch elementor-invisible elementor-widget elementor-widget-form\" data-id=\"03c4b40\" data-element_type=\"widget\" data-e-type=\"widget\" data-settings=\"{&quot;step_next_label&quot;:&quot;Weiter&quot;,&quot;step_previous_label&quot;:&quot;Vorherige&quot;,&quot;_animation&quot;:&quot;fadeInDown&quot;,&quot;button_width&quot;:&quot;100&quot;,&quot;step_type&quot;:&quot;number_text&quot;,&quot;step_icon_shape&quot;:&quot;circle&quot;}\" data-widget_type=\"form.default\">\n\t\t\t\t<div class=\"elementor-widget-container\">\n\t\t\t\t\t\t\t<form class=\"elementor-form\" method=\"post\" name=\"Kontaktformular\" aria-label=\"Kontaktformular\">\n\t\t\t<input type=\"hidden\" name=\"post_id\" value=\"2139\"\/>\n\t\t\t<input type=\"hidden\" name=\"form_id\" value=\"03c4b40\"\/>\n\t\t\t<input type=\"hidden\" name=\"referer_title\" value=\"Partnerportal - World of Retail Services\" \/>\n\n\t\t\t\t\t\t\t<input type=\"hidden\" name=\"queried_id\" value=\"2139\"\/>\n\t\t\t\n\t\t\t<div class=\"elementor-form-fields-wrapper elementor-labels-above\">\n\t\t\t\t\t\t\t\t<div class=\"elementor-field-type-step elementor-field-group elementor-column elementor-field-group-field_a2da8fa elementor-col-100\">\n\t\t\t\t\t\t\t<div class=\"e-field-step elementor-hidden\" data-label=\"\" data-previousButton=\"\" data-nextButton=\"\" data-iconUrl=\"\" data-iconLibrary=\"fas fa-star\" data-icon=\"&lt;svg class=&quot;e-font-icon-svg e-fas-star&quot; viewBox=&quot;0 0 576 512&quot; xmlns=&quot;http:\/\/www.w3.org\/2000\/svg&quot;&gt;&lt;path d=&quot;M259.3 17.8L194 150.2 47.9 171.5c-26.2 3.8-36.7 36.1-17.7 54.6l105.7 103-25 145.5c-4.5 26.3 23.2 46 46.4 33.7L288 439.6l130.7 68.7c23.2 12.2 50.9-7.4 46.4-33.7l-25-145.5 105.7-103c19-18.5 8.5-50.8-17.7-54.6L382 150.2 316.7 17.8c-11.7-23.6-45.6-23.9-57.4 0z&quot;&gt;&lt;\/path&gt;&lt;\/svg&gt;\" ><\/div>\n\n\t\t\t\t\t\t<\/div>\n\t\t\t\t\t\t\t\t<div class=\"elementor-field-type-text elementor-field-group elementor-column elementor-field-group-name elementor-col-50 elementor-field-required\">\n\t\t\t\t\t\t\t\t\t\t\t\t<label for=\"form-field-name\" class=\"elementor-field-label\">\n\t\t\t\t\t\t\t\t Vorname\t\t\t\t\t\t\t<\/label>\n\t\t\t\t\t\t\t\t\t\t\t\t\t\t<input size=\"1\" type=\"text\" name=\"form_fields[name]\" id=\"form-field-name\" class=\"elementor-field elementor-size-sm  elementor-field-textual\" placeholder=\"Vorname*\" required=\"required\">\n\t\t\t\t\t\t\t\t\t\t\t<\/div>\n\t\t\t\t\t\t\t\t<div class=\"elementor-field-type-text elementor-field-group elementor-column elementor-field-group-field_00f7e8e elementor-col-50\">\n\t\t\t\t\t\t\t\t\t\t\t\t<label for=\"form-field-field_00f7e8e\" class=\"elementor-field-label\">\n\t\t\t\t\t\t\t\t Nachname\t\t\t\t\t\t\t<\/label>\n\t\t\t\t\t\t\t\t\t\t\t\t\t\t<input size=\"1\" type=\"text\" name=\"form_fields[field_00f7e8e]\" id=\"form-field-field_00f7e8e\" class=\"elementor-field elementor-size-sm  elementor-field-textual\" placeholder=\"Nachname (Optional)\">\n\t\t\t\t\t\t\t\t\t\t\t<\/div>\n\t\t\t\t\t\t\t\t<div class=\"elementor-field-type-text elementor-field-group elementor-column elementor-field-group-field_c9871ce elementor-col-100 elementor-field-required\">\n\t\t\t\t\t\t\t\t\t\t\t\t<label for=\"form-field-field_c9871ce\" class=\"elementor-field-label\">\n\t\t\t\t\t\t\t\tSprache\t\t\t\t\t\t\t<\/label>\n\t\t\t\t\t\t\t\t\t\t\t\t\t\t<input size=\"1\" type=\"text\" name=\"form_fields[field_c9871ce]\" id=\"form-field-field_c9871ce\" class=\"elementor-field elementor-size-sm  elementor-field-textual\" placeholder=\"Sprache*\" required=\"required\">\n\t\t\t\t\t\t\t\t\t\t\t<\/div>\n\t\t\t\t\t\t\t\t<div class=\"elementor-field-type-email elementor-field-group elementor-column elementor-field-group-email elementor-col-50 elementor-field-required\">\n\t\t\t\t\t\t\t\t\t\t\t\t<label for=\"form-field-email\" class=\"elementor-field-label\">\n\t\t\t\t\t\t\t\t E-mail\t\t\t\t\t\t\t<\/label>\n\t\t\t\t\t\t\t\t\t\t\t\t\t\t<input size=\"1\" type=\"email\" name=\"form_fields[email]\" id=\"form-field-email\" class=\"elementor-field elementor-size-sm  elementor-field-textual\" placeholder=\"Email*\" required=\"required\">\n\t\t\t\t\t\t\t\t\t\t\t<\/div>\n\t\t\t\t\t\t\t\t<div class=\"elementor-field-type-tel elementor-field-group elementor-column elementor-field-group-field_8fd41b1 elementor-col-50 elementor-field-required\">\n\t\t\t\t\t\t\t\t\t\t\t\t<label for=\"form-field-field_8fd41b1\" class=\"elementor-field-label\">\n\t\t\t\t\t\t\t\tTelefon\t\t\t\t\t\t\t<\/label>\n\t\t\t\t\t\t\t\t<input size=\"1\" type=\"tel\" name=\"form_fields[field_8fd41b1]\" id=\"form-field-field_8fd41b1\" class=\"elementor-field elementor-size-sm  elementor-field-textual\" placeholder=\"Telefon*\" required=\"required\" pattern=\"[0-9()#&amp;+*-=.]+\" title=\"Nur Nummern oder Telefon-Zeichen (#, -, *, etc) werden akzeptiert.\">\n\n\t\t\t\t\t\t<\/div>\n\t\t\t\t\t\t\t\t<div class=\"elementor-field-type-step elementor-field-group elementor-column elementor-field-group-field_1d73ca1 elementor-col-100\">\n\t\t\t\t\t\t\t<div class=\"e-field-step elementor-hidden\" data-label=\"\" data-previousButton=\"\" data-nextButton=\"\" data-iconUrl=\"\" data-iconLibrary=\"fas fa-star\" data-icon=\"&lt;svg class=&quot;e-font-icon-svg e-fas-star&quot; viewBox=&quot;0 0 576 512&quot; xmlns=&quot;http:\/\/www.w3.org\/2000\/svg&quot;&gt;&lt;path d=&quot;M259.3 17.8L194 150.2 47.9 171.5c-26.2 3.8-36.7 36.1-17.7 54.6l105.7 103-25 145.5c-4.5 26.3 23.2 46 46.4 33.7L288 439.6l130.7 68.7c23.2 12.2 50.9-7.4 46.4-33.7l-25-145.5 105.7-103c19-18.5 8.5-50.8-17.7-54.6L382 150.2 316.7 17.8c-11.7-23.6-45.6-23.9-57.4 0z&quot;&gt;&lt;\/path&gt;&lt;\/svg&gt;\" ><\/div>\n\n\t\t\t\t\t\t<\/div>\n\t\t\t\t\t\t\t\t<div class=\"elementor-field-type-text elementor-field-group elementor-column elementor-field-group-field_c5bcd80 elementor-col-50 elementor-field-required\">\n\t\t\t\t\t\t\t\t\t\t\t\t<label for=\"form-field-field_c5bcd80\" class=\"elementor-field-label\">\n\t\t\t\t\t\t\t\tWebsite\t\t\t\t\t\t\t<\/label>\n\t\t\t\t\t\t\t\t\t\t\t\t\t\t<input size=\"1\" type=\"text\" name=\"form_fields[field_c5bcd80]\" id=\"form-field-field_c5bcd80\" class=\"elementor-field elementor-size-sm  elementor-field-textual\" placeholder=\"Website*\" required=\"required\">\n\t\t\t\t\t\t\t\t\t\t\t<\/div>\n\t\t\t\t\t\t\t\t<div class=\"elementor-field-type-text elementor-field-group elementor-column elementor-field-group-message elementor-col-50 elementor-field-required\">\n\t\t\t\t\t\t\t\t\t\t\t\t<label for=\"form-field-message\" class=\"elementor-field-label\">\n\t\t\t\t\t\t\t\tTyp des Unternehmens\t\t\t\t\t\t\t<\/label>\n\t\t\t\t\t\t\t\t\t\t\t\t\t\t<input size=\"1\" type=\"text\" name=\"form_fields[message]\" id=\"form-field-message\" class=\"elementor-field elementor-size-sm  elementor-field-textual\" placeholder=\"Typ des Unternehmens*\" required=\"required\">\n\t\t\t\t\t\t\t\t\t\t\t<\/div>\n\t\t\t\t\t\t\t\t<div class=\"elementor-field-type-text elementor-field-group elementor-column elementor-field-group-field_efbde30 elementor-col-50 elementor-field-required\">\n\t\t\t\t\t\t\t\t\t\t\t\t<label for=\"form-field-field_efbde30\" class=\"elementor-field-label\">\n\t\t\t\t\t\t\t\tAdresse\t\t\t\t\t\t\t<\/label>\n\t\t\t\t\t\t\t\t\t\t\t\t\t\t<input size=\"1\" type=\"text\" name=\"form_fields[field_efbde30]\" id=\"form-field-field_efbde30\" class=\"elementor-field elementor-size-sm  elementor-field-textual\" placeholder=\"Adresse*\" required=\"required\">\n\t\t\t\t\t\t\t\t\t\t\t<\/div>\n\t\t\t\t\t\t\t\t<div class=\"elementor-field-type-text elementor-field-group elementor-column elementor-field-group-field_abf5e31 elementor-col-50 elementor-field-required\">\n\t\t\t\t\t\t\t\t\t\t\t\t<label for=\"form-field-field_abf5e31\" class=\"elementor-field-label\">\n\t\t\t\t\t\t\t\tPostleitzahl\t\t\t\t\t\t\t<\/label>\n\t\t\t\t\t\t\t\t\t\t\t\t\t\t<input size=\"1\" type=\"text\" name=\"form_fields[field_abf5e31]\" id=\"form-field-field_abf5e31\" class=\"elementor-field elementor-size-sm  elementor-field-textual\" placeholder=\"Postleitzahl*\" required=\"required\">\n\t\t\t\t\t\t\t\t\t\t\t<\/div>\n\t\t\t\t\t\t\t\t<div class=\"elementor-field-type-text elementor-field-group elementor-column elementor-field-group-field_a3564dc elementor-col-50 elementor-field-required\">\n\t\t\t\t\t\t\t\t\t\t\t\t<label for=\"form-field-field_a3564dc\" class=\"elementor-field-label\">\n\t\t\t\t\t\t\t\tStadt\t\t\t\t\t\t\t<\/label>\n\t\t\t\t\t\t\t\t\t\t\t\t\t\t<input size=\"1\" type=\"text\" name=\"form_fields[field_a3564dc]\" id=\"form-field-field_a3564dc\" class=\"elementor-field elementor-size-sm  elementor-field-textual\" placeholder=\"Stadt*\" required=\"required\">\n\t\t\t\t\t\t\t\t\t\t\t<\/div>\n\t\t\t\t\t\t\t\t<div class=\"elementor-field-type-text elementor-field-group elementor-column elementor-field-group-field_e842535 elementor-col-50 elementor-field-required\">\n\t\t\t\t\t\t\t\t\t\t\t\t<label for=\"form-field-field_e842535\" class=\"elementor-field-label\">\n\t\t\t\t\t\t\t\tLand\t\t\t\t\t\t\t<\/label>\n\t\t\t\t\t\t\t\t\t\t\t\t\t\t<input size=\"1\" type=\"text\" name=\"form_fields[field_e842535]\" id=\"form-field-field_e842535\" class=\"elementor-field elementor-size-sm  elementor-field-textual\" placeholder=\"Land*\" required=\"required\">\n\t\t\t\t\t\t\t\t\t\t\t<\/div>\n\t\t\t\t\t\t\t\t<div class=\"elementor-field-type-textarea elementor-field-group elementor-column elementor-field-group-field_138c939 elementor-col-100 elementor-field-required\">\n\t\t\t\t\t\t\t\t\t\t\t\t<label for=\"form-field-field_138c939\" class=\"elementor-field-label\">\n\t\t\t\t\t\t\t\tBeschreiben Sie Ihre Dienstleistungen\t\t\t\t\t\t\t<\/label>\n\t\t\t\t\t\t<textarea class=\"elementor-field-textual elementor-field  elementor-size-sm\" name=\"form_fields[field_138c939]\" id=\"form-field-field_138c939\" rows=\"5\" required=\"required\"><\/textarea>\t\t\t\t<\/div>\n\t\t\t\t\t\t\t\t<div class=\"elementor-field-type-acceptance elementor-field-group elementor-column elementor-field-group-field_6b5ef9f elementor-col-100 elementor-field-required\">\n\t\t\t\t\t\t\t<div class=\"elementor-field-subgroup\">\n\t\t\t<span class=\"elementor-field-option\">\n\t\t\t\t<input type=\"checkbox\" name=\"form_fields[field_6b5ef9f]\" id=\"form-field-field_6b5ef9f\" class=\"elementor-field elementor-size-sm  elementor-acceptance-field\" required=\"required\">\n\t\t\t\t<label for=\"form-field-field_6b5ef9f\">Ich habe die <a href=\"https:\/\/retail-services.net\/de\/datenschutzerklaerung\/\">Datenschutzbestimmungen<\/a> gelesen und akzeptiere diese.<\/label>\t\t\t<\/span>\n\t\t<\/div>\n\t\t\t\t\t\t<\/div>\n\t\t\t\t\t\t\t\t<div class=\"elementor-field-type-recaptcha_v3 elementor-field-group elementor-column elementor-field-group-field_ed22b03 elementor-col-100 recaptcha_v3-bottomright\">\n\t\t\t\t\t<div class=\"elementor-field\" id=\"form-field-field_ed22b03\"><div class=\"elementor-g-recaptcha\" data-sitekey=\"6LeOZZUnAAAAAPbnaVGKduReZhxRk0Z-WspmuZUD\" data-type=\"v3\" data-action=\"Form\" data-badge=\"bottomright\" data-size=\"invisible\"><\/div><\/div>\t\t\t\t<\/div>\n\t\t\t\t\t\t\t\t<div class=\"elementor-field-group elementor-column elementor-field-type-submit elementor-col-100 e-form__buttons\">\n\t\t\t\t\t<button class=\"elementor-button elementor-size-sm elementor-animation-shrink\" type=\"submit\">\n\t\t\t\t\t\t<span class=\"elementor-button-content-wrapper\">\n\t\t\t\t\t\t\t\t\t\t\t\t\t\t\t\t\t\t\t\t\t\t<span class=\"elementor-button-text\">Nachricht senden <\/span>\n\t\t\t\t\t\t\t\t\t\t\t\t\t<\/span>\n\t\t\t\t\t<\/button>\n\t\t\t\t<\/div>\n\t\t\t<\/div>\n\t\t<\/form>\n\t\t\t\t\t\t<\/div>\n\t\t\t\t<\/div>\n\t\t\t\t\t<\/div>\n\t\t<\/div>\n\t\t\t\t\t<\/div>\n\t\t<\/section>\n\t\t\t\t<\/div>\n\t\t","protected":false},"excerpt":{"rendered":"<p>Partnerportal &#8211; Home Discover WRS Partnerportal Willkommen auf unserem Partnerportal, Ihrem Tor zu wertvollen Informationen und M\u00f6glichkeiten der Zusammenarbeit. Werden Sie Mitglied in unserem Netzwerk von vertrauensw\u00fcrdigen Partnern und erhalten Sie Zugang zu wertvollen Ressourcen und Unterst\u00fctzung f\u00fcr Ihre Retail-Projekte. Nehmen Sie jetzt Kontakt auf, um die Vorteile einer Partnerschaft mit World of Retail Services [&hellip;]<\/p>\n","protected":false},"author":1,"featured_media":0,"parent":0,"menu_order":0,"comment_status":"closed","ping_status":"closed","template":"","meta":{"footnotes":""},"class_list":["post-2139","page","type-page","status-publish","hentry"],"yoast_head":"<!-- This site is optimized with the Yoast SEO plugin v27.3 - https:\/\/yoast.com\/product\/yoast-seo-wordpress\/ -->\n<title>Partnerportal - World of Retail Services<\/title>\n<meta name=\"robots\" content=\"index, follow, max-snippet:-1, max-image-preview:large, max-video-preview:-1\" \/>\n<link rel=\"canonical\" href=\"https:\/\/retail-services.net\/de\/partnerportal\/\" \/>\n<meta property=\"og:locale\" content=\"de_DE\" \/>\n<meta property=\"og:type\" content=\"article\" \/>\n<meta property=\"og:title\" content=\"Partnerportal - World of Retail Services\" \/>\n<meta property=\"og:description\" content=\"Partnerportal &#8211; Home Discover WRS Partnerportal Willkommen auf unserem Partnerportal, Ihrem Tor zu wertvollen Informationen und M\u00f6glichkeiten der Zusammenarbeit. Werden Sie Mitglied in unserem Netzwerk von vertrauensw\u00fcrdigen Partnern und erhalten Sie Zugang zu wertvollen Ressourcen und Unterst\u00fctzung f\u00fcr Ihre Retail-Projekte. Nehmen Sie jetzt Kontakt auf, um die Vorteile einer Partnerschaft mit World of Retail Services [&hellip;]\" \/>\n<meta property=\"og:url\" content=\"https:\/\/retail-services.net\/de\/partnerportal\/\" \/>\n<meta property=\"og:site_name\" content=\"World of Retail Services\" \/>\n<meta property=\"article:publisher\" content=\"https:\/\/www.facebook.com\/WorldofRetailServices\/\" \/>\n<meta property=\"article:modified_time\" content=\"2023-08-10T17:21:05+00:00\" \/>\n<meta name=\"twitter:card\" content=\"summary_large_image\" \/>\n<meta name=\"twitter:label1\" content=\"Gesch\u00e4tzte Lesezeit\" \/>\n\t<meta name=\"twitter:data1\" content=\"1\u00a0Minute\" \/>\n<script type=\"application\/ld+json\" class=\"yoast-schema-graph\">{\"@context\":\"https:\\\/\\\/schema.org\",\"@graph\":[{\"@type\":\"WebPage\",\"@id\":\"https:\\\/\\\/retail-services.net\\\/de\\\/partnerportal\\\/\",\"url\":\"https:\\\/\\\/retail-services.net\\\/de\\\/partnerportal\\\/\",\"name\":\"Partnerportal - World of Retail Services\",\"isPartOf\":{\"@id\":\"https:\\\/\\\/retail-services.net\\\/de\\\/#website\"},\"datePublished\":\"2023-07-27T09:57:21+00:00\",\"dateModified\":\"2023-08-10T17:21:05+00:00\",\"breadcrumb\":{\"@id\":\"https:\\\/\\\/retail-services.net\\\/de\\\/partnerportal\\\/#breadcrumb\"},\"inLanguage\":\"de\",\"potentialAction\":[{\"@type\":\"ReadAction\",\"target\":[\"https:\\\/\\\/retail-services.net\\\/de\\\/partnerportal\\\/\"]}]},{\"@type\":\"BreadcrumbList\",\"@id\":\"https:\\\/\\\/retail-services.net\\\/de\\\/partnerportal\\\/#breadcrumb\",\"itemListElement\":[{\"@type\":\"ListItem\",\"position\":1,\"name\":\"Home\",\"item\":\"https:\\\/\\\/retail-services.net\\\/\"},{\"@type\":\"ListItem\",\"position\":2,\"name\":\"Partnerportal\"}]},{\"@type\":\"WebSite\",\"@id\":\"https:\\\/\\\/retail-services.net\\\/de\\\/#website\",\"url\":\"https:\\\/\\\/retail-services.net\\\/de\\\/\",\"name\":\"World of Retail Services\",\"description\":\"\",\"publisher\":{\"@id\":\"https:\\\/\\\/retail-services.net\\\/de\\\/#organization\"},\"potentialAction\":[{\"@type\":\"SearchAction\",\"target\":{\"@type\":\"EntryPoint\",\"urlTemplate\":\"https:\\\/\\\/retail-services.net\\\/de\\\/?s={search_term_string}\"},\"query-input\":{\"@type\":\"PropertyValueSpecification\",\"valueRequired\":true,\"valueName\":\"search_term_string\"}}],\"inLanguage\":\"de\"},{\"@type\":\"Organization\",\"@id\":\"https:\\\/\\\/retail-services.net\\\/de\\\/#organization\",\"name\":\"World of Retail Services\",\"url\":\"https:\\\/\\\/retail-services.net\\\/de\\\/\",\"logo\":{\"@type\":\"ImageObject\",\"inLanguage\":\"de\",\"@id\":\"https:\\\/\\\/retail-services.net\\\/de\\\/#\\\/schema\\\/logo\\\/image\\\/\",\"url\":\"https:\\\/\\\/retail-services.net\\\/wp-content\\\/uploads\\\/2023\\\/06\\\/WRS-logo-color.png\",\"contentUrl\":\"https:\\\/\\\/retail-services.net\\\/wp-content\\\/uploads\\\/2023\\\/06\\\/WRS-logo-color.png\",\"width\":616,\"height\":249,\"caption\":\"World of Retail Services\"},\"image\":{\"@id\":\"https:\\\/\\\/retail-services.net\\\/de\\\/#\\\/schema\\\/logo\\\/image\\\/\"},\"sameAs\":[\"https:\\\/\\\/www.facebook.com\\\/WorldofRetailServices\\\/\",\"https:\\\/\\\/www.linkedin.com\\\/company\\\/world-of-retail-services\\\/?originalSubdomain=es\"]}]}<\/script>\n<!-- \/ Yoast SEO plugin. -->","yoast_head_json":{"title":"Partnerportal - World of Retail Services","robots":{"index":"index","follow":"follow","max-snippet":"max-snippet:-1","max-image-preview":"max-image-preview:large","max-video-preview":"max-video-preview:-1"},"canonical":"https:\/\/retail-services.net\/de\/partnerportal\/","og_locale":"de_DE","og_type":"article","og_title":"Partnerportal - World of Retail Services","og_description":"Partnerportal &#8211; Home Discover WRS Partnerportal Willkommen auf unserem Partnerportal, Ihrem Tor zu wertvollen Informationen und M\u00f6glichkeiten der Zusammenarbeit. Werden Sie Mitglied in unserem Netzwerk von vertrauensw\u00fcrdigen Partnern und erhalten Sie Zugang zu wertvollen Ressourcen und Unterst\u00fctzung f\u00fcr Ihre Retail-Projekte. Nehmen Sie jetzt Kontakt auf, um die Vorteile einer Partnerschaft mit World of Retail Services [&hellip;]","og_url":"https:\/\/retail-services.net\/de\/partnerportal\/","og_site_name":"World of Retail Services","article_publisher":"https:\/\/www.facebook.com\/WorldofRetailServices\/","article_modified_time":"2023-08-10T17:21:05+00:00","twitter_card":"summary_large_image","twitter_misc":{"Gesch\u00e4tzte Lesezeit":"1\u00a0Minute"},"schema":{"@context":"https:\/\/schema.org","@graph":[{"@type":"WebPage","@id":"https:\/\/retail-services.net\/de\/partnerportal\/","url":"https:\/\/retail-services.net\/de\/partnerportal\/","name":"Partnerportal - World of Retail Services","isPartOf":{"@id":"https:\/\/retail-services.net\/de\/#website"},"datePublished":"2023-07-27T09:57:21+00:00","dateModified":"2023-08-10T17:21:05+00:00","breadcrumb":{"@id":"https:\/\/retail-services.net\/de\/partnerportal\/#breadcrumb"},"inLanguage":"de","potentialAction":[{"@type":"ReadAction","target":["https:\/\/retail-services.net\/de\/partnerportal\/"]}]},{"@type":"BreadcrumbList","@id":"https:\/\/retail-services.net\/de\/partnerportal\/#breadcrumb","itemListElement":[{"@type":"ListItem","position":1,"name":"Home","item":"https:\/\/retail-services.net\/"},{"@type":"ListItem","position":2,"name":"Partnerportal"}]},{"@type":"WebSite","@id":"https:\/\/retail-services.net\/de\/#website","url":"https:\/\/retail-services.net\/de\/","name":"World of Retail Services","description":"","publisher":{"@id":"https:\/\/retail-services.net\/de\/#organization"},"potentialAction":[{"@type":"SearchAction","target":{"@type":"EntryPoint","urlTemplate":"https:\/\/retail-services.net\/de\/?s={search_term_string}"},"query-input":{"@type":"PropertyValueSpecification","valueRequired":true,"valueName":"search_term_string"}}],"inLanguage":"de"},{"@type":"Organization","@id":"https:\/\/retail-services.net\/de\/#organization","name":"World of Retail Services","url":"https:\/\/retail-services.net\/de\/","logo":{"@type":"ImageObject","inLanguage":"de","@id":"https:\/\/retail-services.net\/de\/#\/schema\/logo\/image\/","url":"https:\/\/retail-services.net\/wp-content\/uploads\/2023\/06\/WRS-logo-color.png","contentUrl":"https:\/\/retail-services.net\/wp-content\/uploads\/2023\/06\/WRS-logo-color.png","width":616,"height":249,"caption":"World of Retail Services"},"image":{"@id":"https:\/\/retail-services.net\/de\/#\/schema\/logo\/image\/"},"sameAs":["https:\/\/www.facebook.com\/WorldofRetailServices\/","https:\/\/www.linkedin.com\/company\/world-of-retail-services\/?originalSubdomain=es"]}]}},"_links":{"self":[{"href":"https:\/\/retail-services.net\/de\/wp-json\/wp\/v2\/pages\/2139","targetHints":{"allow":["GET"]}}],"collection":[{"href":"https:\/\/retail-services.net\/de\/wp-json\/wp\/v2\/pages"}],"about":[{"href":"https:\/\/retail-services.net\/de\/wp-json\/wp\/v2\/types\/page"}],"author":[{"embeddable":true,"href":"https:\/\/retail-services.net\/de\/wp-json\/wp\/v2\/users\/1"}],"replies":[{"embeddable":true,"href":"https:\/\/retail-services.net\/de\/wp-json\/wp\/v2\/comments?post=2139"}],"version-history":[{"count":7,"href":"https:\/\/retail-services.net\/de\/wp-json\/wp\/v2\/pages\/2139\/revisions"}],"predecessor-version":[{"id":4226,"href":"https:\/\/retail-services.net\/de\/wp-json\/wp\/v2\/pages\/2139\/revisions\/4226"}],"wp:attachment":[{"href":"https:\/\/retail-services.net\/de\/wp-json\/wp\/v2\/media?parent=2139"}],"curies":[{"name":"wp","href":"https:\/\/api.w.org\/{rel}","templated":true}]}}