{"id":2137,"date":"2023-08-05T20:19:34","date_gmt":"2023-08-05T20:19:34","guid":{"rendered":"http:\/\/retail-services.net\/rechtliche-hinweise\/"},"modified":"2025-10-30T18:54:51","modified_gmt":"2025-10-30T18:54:51","slug":"rechtliche-hinweise","status":"publish","type":"page","link":"https:\/\/retail-services.net\/de\/rechtliche-hinweise\/","title":{"rendered":"Rechtliche Hinweise"},"content":{"rendered":"\t\t<div data-elementor-type=\"wp-page\" data-elementor-id=\"2137\" class=\"elementor elementor-2137 elementor-1575\" data-elementor-post-type=\"page\">\n\t\t\t\t\t\t<section class=\"elementor-section elementor-top-section elementor-element elementor-element-0caf0a9 elementor-section-boxed elementor-section-height-default elementor-section-height-default\" data-id=\"0caf0a9\" data-element_type=\"section\" data-e-type=\"section\">\n\t\t\t\t\t\t<div class=\"elementor-container elementor-column-gap-default\">\n\t\t\t\t\t<div class=\"elementor-column elementor-col-100 elementor-top-column elementor-element elementor-element-f3c9ede\" data-id=\"f3c9ede\" data-element_type=\"column\" data-e-type=\"column\">\n\t\t\t<div class=\"elementor-widget-wrap elementor-element-populated\">\n\t\t\t\t\t\t<div class=\"elementor-element elementor-element-b7aa209 elementor-widget elementor-widget-text-editor\" data-id=\"b7aa209\" data-element_type=\"widget\" data-e-type=\"widget\" data-widget_type=\"text-editor.default\">\n\t\t\t\t<div class=\"elementor-widget-container\">\n\t\t\t\t\t\t\t\t\t<p><span style=\"font-weight: 400;\">Rechtliche Hinweise<\/span> &#8211; \u00a0<a href=\"https:\/\/retail-services.net\/de\/\">Home<\/a><\/p>\t\t\t\t\t\t\t\t<\/div>\n\t\t\t\t<\/div>\n\t\t\t\t<div class=\"elementor-element elementor-element-b83ea57 elementor-widget elementor-widget-heading\" data-id=\"b83ea57\" data-element_type=\"widget\" data-e-type=\"widget\" data-widget_type=\"heading.default\">\n\t\t\t\t<div class=\"elementor-widget-container\">\n\t\t\t\t\t<div class=\"elementor-heading-title elementor-size-default\">World of Retail Services<\/div>\t\t\t\t<\/div>\n\t\t\t\t<\/div>\n\t\t\t\t<div class=\"elementor-element elementor-element-83380a6 elementor-widget elementor-widget-heading\" data-id=\"83380a6\" data-element_type=\"widget\" data-e-type=\"widget\" data-widget_type=\"heading.default\">\n\t\t\t\t<div class=\"elementor-widget-container\">\n\t\t\t\t\t<h1 class=\"elementor-heading-title elementor-size-default\">World of Retail Services GmbH<\/h1>\t\t\t\t<\/div>\n\t\t\t\t<\/div>\n\t\t\t\t<div class=\"elementor-element elementor-element-7d72537 elementor-list-item-link-inline elementor-icon-list--layout-traditional elementor-widget elementor-widget-icon-list\" data-id=\"7d72537\" data-element_type=\"widget\" data-e-type=\"widget\" data-widget_type=\"icon-list.default\">\n\t\t\t\t<div class=\"elementor-widget-container\">\n\t\t\t\t\t\t\t<ul class=\"elementor-icon-list-items\">\n\t\t\t\t\t\t\t<li class=\"elementor-icon-list-item\">\n\t\t\t\t\t\t\t\t\t\t\t<a href=\"https:\/\/g.co\/kgs\/MaVMQzz\">\n\n\t\t\t\t\t\t\t\t\t\t\t\t<span class=\"elementor-icon-list-icon\">\n\t\t\t\t\t\t\t<svg aria-hidden=\"true\" class=\"e-font-icon-svg e-fas-map-marker-alt\" viewBox=\"0 0 384 512\" xmlns=\"http:\/\/www.w3.org\/2000\/svg\"><path d=\"M172.268 501.67C26.97 291.031 0 269.413 0 192 0 85.961 85.961 0 192 0s192 85.961 192 192c0 77.413-26.97 99.031-172.268 309.67-9.535 13.774-29.93 13.773-39.464 0zM192 272c44.183 0 80-35.817 80-80s-35.817-80-80-80-80 35.817-80 80 35.817 80 80 80z\"><\/path><\/svg>\t\t\t\t\t\t<\/span>\n\t\t\t\t\t\t\t\t\t\t<span class=\"elementor-icon-list-text\">Bertha-von-Suttner-Stra\u00dfe 9, 37085 G\u00f6ttingen, Deutschland<\/span>\n\t\t\t\t\t\t\t\t\t\t\t<\/a>\n\t\t\t\t\t\t\t\t\t<\/li>\n\t\t\t\t\t\t\t\t<li class=\"elementor-icon-list-item\">\n\t\t\t\t\t\t\t\t\t\t\t<a href=\"tel:+495512887280%20\">\n\n\t\t\t\t\t\t\t\t\t\t\t\t<span class=\"elementor-icon-list-icon\">\n\t\t\t\t\t\t\t<svg aria-hidden=\"true\" class=\"e-font-icon-svg e-fas-phone-alt\" viewBox=\"0 0 512 512\" xmlns=\"http:\/\/www.w3.org\/2000\/svg\"><path d=\"M497.39 361.8l-112-48a24 24 0 0 0-28 6.9l-49.6 60.6A370.66 370.66 0 0 1 130.6 204.11l60.6-49.6a23.94 23.94 0 0 0 6.9-28l-48-112A24.16 24.16 0 0 0 122.6.61l-104 24A24 24 0 0 0 0 48c0 256.5 207.9 464 464 464a24 24 0 0 0 23.4-18.6l24-104a24.29 24.29 0 0 0-14.01-27.6z\"><\/path><\/svg>\t\t\t\t\t\t<\/span>\n\t\t\t\t\t\t\t\t\t\t<span class=\"elementor-icon-list-text\">Telefon: +49 551 2887280 <\/span>\n\t\t\t\t\t\t\t\t\t\t\t<\/a>\n\t\t\t\t\t\t\t\t\t<\/li>\n\t\t\t\t\t\t\t\t<li class=\"elementor-icon-list-item\">\n\t\t\t\t\t\t\t\t\t\t\t<a href=\"mailto:info@retail-services.net\">\n\n\t\t\t\t\t\t\t\t\t\t\t\t<span class=\"elementor-icon-list-icon\">\n\t\t\t\t\t\t\t<svg aria-hidden=\"true\" class=\"e-font-icon-svg e-far-envelope\" viewBox=\"0 0 512 512\" xmlns=\"http:\/\/www.w3.org\/2000\/svg\"><path d=\"M464 64H48C21.49 64 0 85.49 0 112v288c0 26.51 21.49 48 48 48h416c26.51 0 48-21.49 48-48V112c0-26.51-21.49-48-48-48zm0 48v40.805c-22.422 18.259-58.168 46.651-134.587 106.49-16.841 13.247-50.201 45.072-73.413 44.701-23.208.375-56.579-31.459-73.413-44.701C106.18 199.465 70.425 171.067 48 152.805V112h416zM48 400V214.398c22.914 18.251 55.409 43.862 104.938 82.646 21.857 17.205 60.134 55.186 103.062 54.955 42.717.231 80.509-37.199 103.053-54.947 49.528-38.783 82.032-64.401 104.947-82.653V400H48z\"><\/path><\/svg>\t\t\t\t\t\t<\/span>\n\t\t\t\t\t\t\t\t\t\t<span class=\"elementor-icon-list-text\">E-mail: info@retail-services.net<\/span>\n\t\t\t\t\t\t\t\t\t\t\t<\/a>\n\t\t\t\t\t\t\t\t\t<\/li>\n\t\t\t\t\t\t<\/ul>\n\t\t\t\t\t\t<\/div>\n\t\t\t\t<\/div>\n\t\t\t\t<div class=\"elementor-element elementor-element-4aad5d8 elementor-widget elementor-widget-text-editor\" data-id=\"4aad5d8\" data-element_type=\"widget\" data-e-type=\"widget\" data-widget_type=\"text-editor.default\">\n\t\t\t\t<div class=\"elementor-widget-container\">\n\t\t\t\t\t\t\t\t\t<p><strong>Vertreten durch<\/strong><\/p><p>David Kalinin<br \/>Jesse Marc Tillmann<\/p><p><strong>Registriert<\/strong><\/p><p><span style=\"font-weight: 400;\">Eingetragen im Handelsregister<\/span><span style=\"font-weight: 400;\"><br \/><\/span><span style=\"font-weight: 400;\">Gericht der Eintragung: G\u00f6ttingen<\/span><span style=\"font-weight: 400;\"><br \/><\/span><span style=\"font-weight: 400;\">Registernummer: HRB 205284<\/span><\/p><p>VAT-ID:\u00a0DE295974038<\/p><p><strong>Hinweis gem\u00e4\u00df dem Verbraucherstreitbeilegungsgesetz (VSBG)<\/strong><\/p><p><span style=\"font-weight: 400;\">Wir sind nicht bereit oder verpflichtet, an einem Streitbeilegungsverfahren vor einer Verbraucherschlichtungsstelle teilzunehmen.<\/span><\/p>\t\t\t\t\t\t\t\t<\/div>\n\t\t\t\t<\/div>\n\t\t\t\t<div class=\"elementor-element elementor-element-02b41c8 elementor-widget elementor-widget-heading\" data-id=\"02b41c8\" data-element_type=\"widget\" data-e-type=\"widget\" data-widget_type=\"heading.default\">\n\t\t\t\t<div class=\"elementor-widget-container\">\n\t\t\t\t\t<div class=\"elementor-heading-title elementor-size-default\">World of Retail Services<\/div>\t\t\t\t<\/div>\n\t\t\t\t<\/div>\n\t\t\t\t<div class=\"elementor-element elementor-element-65f420b elementor-widget elementor-widget-heading\" data-id=\"65f420b\" data-element_type=\"widget\" data-e-type=\"widget\" data-widget_type=\"heading.default\">\n\t\t\t\t<div class=\"elementor-widget-container\">\n\t\t\t\t\t<h2 class=\"elementor-heading-title elementor-size-default\">Haftungsausschluss \u2013 Rechtlicher Hinweis\n<\/h2>\t\t\t\t<\/div>\n\t\t\t\t<\/div>\n\t\t\t\t<div class=\"elementor-element elementor-element-4861499 elementor-widget elementor-widget-text-editor\" data-id=\"4861499\" data-element_type=\"widget\" data-e-type=\"widget\" data-widget_type=\"text-editor.default\">\n\t\t\t\t<div class=\"elementor-widget-container\">\n\t\t\t\t\t\t\t\t\t<p><strong>1. Inhalt<\/strong><\/p><p><span style=\"font-weight: 400;\">Die kostenlosen und frei zug\u00e4nglichen Inhalte dieser Website wurden mit bestm\u00f6glicher Sorgfalt erstellt. Der Herausgeber dieser Website \u00fcbernimmt jedoch keine Gew\u00e4hr f\u00fcr die Richtigkeit und Aktualit\u00e4t der bereitgestellten kostenlosen und frei zug\u00e4nglichen journalistischen Inhalte und Nachrichten. Namentlich gekennzeichnete Beitr\u00e4ge geben die Meinung des jeweiligen Autors und nicht zwingend die Meinung des Herausgebers wieder. Ausschlie\u00dflich durch die Nutzung der kostenlosen und frei zug\u00e4nglichen Inhalte kommt es zu keinem Vertragsverh\u00e4ltnis zwischen dem Nutzer und dem Herausgeber. Es besteht seitens des Herausgebers keine Absicht, durch diese Website alleine ein rechtsverbindliches Vertragsverh\u00e4ltnis einzugehen.<\/span><\/p><p><strong>2. Externe Links<\/strong><\/p><p><span style=\"font-weight: 400;\">Diese Website enth\u00e4lt Verkn\u00fcpfungen zu Websites von Drittanbietern (im Folgenden &#8220;externe Links&#8221; genannt). Der Herausgeber \u00fcbernimmt keine Haftung f\u00fcr die Inhalte dieser fremden Websites. Der Herausgeber hat bei der erstmaligen Verkn\u00fcpfung der externen Links die fremden Inhalte auf Rechtsverst\u00f6\u00dfe \u00fcberpr\u00fcft. Zu diesem Zeitpunkt waren keine Rechtsverst\u00f6\u00dfe ersichtlich. Der Herausgeber hat keinerlei Einfluss auf die aktuelle und zuk\u00fcnftige Gestaltung der verkn\u00fcpften Seiten und deren Inhalte. Das Verwenden von externen Links bedeutet nicht, dass sich der Herausgeber die Inhalte besagter Links oder Websites zu Eigen macht. Eine st\u00e4ndige Kontrolle der externen Links ist f\u00fcr den Herausgeber ohne konkrete Hinweise auf Rechtsverst\u00f6\u00dfe nicht zumutbar. Bei Kenntnisnahme von Rechtsverst\u00f6\u00dfen werden jedoch derartige externe Links unverz\u00fcglich gel\u00f6scht.<\/span><\/p><p><strong>3. Urheberrechte<\/strong><\/p><p><span style=\"font-weight: 400;\">Die auf dieser Website ver\u00f6ffentlichten Inhalte unterliegen dem deutschen und anderen geltenden Urheberrechtsgesetzen. Jede vom deutschen oder einem anderen anwendbaren Urheberrecht nicht zugelassene Nutzung bedarf der vorherigen schriftlichen Zustimmung des Herausgebers oder des jeweiligen Rechteinhabers. Dies gilt insbesondere f\u00fcr Vervielf\u00e4ltigung, Bearbeitung, \u00dcbersetzung, Speicherung, Verarbeitung bzw. Wiedergabe von Inhalten in Datenbanken oder anderen elektronischen Medien und Systemen. Inhalte und Rechte Dritter sind dabei als solche gekennzeichnet. Die unerlaubte Vervielf\u00e4ltigung oder Weitergabe einzelner Inhalte oder kompletter Seiten ist nicht gestattet und ist Gegenstand von strafrechtlichen Verfolgungen. Die Erstellung von Kopien und Downloads ist nur f\u00fcr den pers\u00f6nlichen, privaten Zweck und niemals f\u00fcr den kommerziellen Gebrauch gestattet.<\/span><\/p><p><span style=\"font-weight: 400;\">Die Verwendung dieser Website in anderen Zusammenh\u00e4ngen oder fremden Kontext ist nur mit vorheriger schriftlicher Zustimmung des Anbieters zul\u00e4ssig.<\/span><\/p><p><strong>4. Besondere Nutzungsbedingungen<\/strong><\/p><div id=\"disclaimertext\" class=\"block-wrapper block-08-7-list-with-text\"><section class=\"landing-block g-pb-30 g-pt-30 g-pr-80\"><div class=\"landing-block-container container\"><div class=\"landing-block-card row js-animation fadeIn g-mb-10 g-mb-0--last landing-card\"><div class=\"row col-12 align-items-center\"><div class=\"landing-block-text landing-semantic-text-medium col-10 offset-2 col-md-11 offset-md-1 text-left g-font-size-16\"><p><span style=\"font-weight: 400;\">Soweit eine Nutzung dieser Website im Einzelfall von den vorhergehenden Regelungen abweicht, bedarf es hierzu einer gesonderten schriftlichen und verbindlichen Vereinbarung, die im Vorfeld einzuholen ist. Eine solche Vereinbarung ist f\u00fcr jeden Einzelfall oder Anlass zu beantragen.<\/span><\/p><\/div><\/div><\/div><\/div><\/section><\/div>\t\t\t\t\t\t\t\t<\/div>\n\t\t\t\t<\/div>\n\t\t\t\t\t<\/div>\n\t\t<\/div>\n\t\t\t\t\t<\/div>\n\t\t<\/section>\n\t\t\t\t<\/div>\n\t\t","protected":false},"excerpt":{"rendered":"<p>Rechtliche Hinweise &#8211; \u00a0Home World of Retail Services World of Retail Services GmbH Bertha-von-Suttner-Stra\u00dfe 9, 37085 G\u00f6ttingen, Deutschland Telefon: +49 551 2887280 E-mail: info@retail-services.net Vertreten durch David KalininJesse Marc Tillmann Registriert Eingetragen im HandelsregisterGericht der Eintragung: G\u00f6ttingenRegisternummer: HRB 205284 VAT-ID:\u00a0DE295974038 Hinweis gem\u00e4\u00df dem Verbraucherstreitbeilegungsgesetz (VSBG) Wir sind nicht bereit oder verpflichtet, an einem Streitbeilegungsverfahren vor [&hellip;]<\/p>\n","protected":false},"author":1,"featured_media":0,"parent":0,"menu_order":0,"comment_status":"closed","ping_status":"closed","template":"","meta":{"footnotes":""},"class_list":["post-2137","page","type-page","status-publish","hentry"],"yoast_head":"<!-- This site is optimized with the Yoast SEO plugin v27.3 - https:\/\/yoast.com\/product\/yoast-seo-wordpress\/ -->\n<title>Rechtliche Hinweise - World of Retail Services<\/title>\n<meta name=\"robots\" content=\"index, follow, max-snippet:-1, max-image-preview:large, max-video-preview:-1\" \/>\n<link rel=\"canonical\" href=\"https:\/\/retail-services.net\/de\/rechtliche-hinweise\/\" \/>\n<meta property=\"og:locale\" content=\"de_DE\" \/>\n<meta property=\"og:type\" content=\"article\" \/>\n<meta property=\"og:title\" content=\"Rechtliche Hinweise - World of Retail Services\" \/>\n<meta property=\"og:description\" content=\"Rechtliche Hinweise &#8211; \u00a0Home World of Retail Services World of Retail Services GmbH Bertha-von-Suttner-Stra\u00dfe 9, 37085 G\u00f6ttingen, Deutschland Telefon: +49 551 2887280 E-mail: info@retail-services.net Vertreten durch David KalininJesse Marc Tillmann Registriert Eingetragen im HandelsregisterGericht der Eintragung: G\u00f6ttingenRegisternummer: HRB 205284 VAT-ID:\u00a0DE295974038 Hinweis gem\u00e4\u00df dem Verbraucherstreitbeilegungsgesetz (VSBG) Wir sind nicht bereit oder verpflichtet, an einem Streitbeilegungsverfahren vor [&hellip;]\" \/>\n<meta property=\"og:url\" content=\"https:\/\/retail-services.net\/de\/rechtliche-hinweise\/\" \/>\n<meta property=\"og:site_name\" content=\"World of Retail Services\" \/>\n<meta property=\"article:publisher\" content=\"https:\/\/www.facebook.com\/WorldofRetailServices\/\" \/>\n<meta property=\"article:modified_time\" content=\"2025-10-30T18:54:51+00:00\" \/>\n<meta name=\"twitter:card\" content=\"summary_large_image\" \/>\n<meta name=\"twitter:label1\" content=\"Gesch\u00e4tzte Lesezeit\" \/>\n\t<meta name=\"twitter:data1\" content=\"3\u00a0Minuten\" \/>\n<script type=\"application\/ld+json\" class=\"yoast-schema-graph\">{\"@context\":\"https:\\\/\\\/schema.org\",\"@graph\":[{\"@type\":\"WebPage\",\"@id\":\"https:\\\/\\\/retail-services.net\\\/de\\\/rechtliche-hinweise\\\/\",\"url\":\"https:\\\/\\\/retail-services.net\\\/de\\\/rechtliche-hinweise\\\/\",\"name\":\"Rechtliche Hinweise - World of Retail Services\",\"isPartOf\":{\"@id\":\"https:\\\/\\\/retail-services.net\\\/de\\\/#website\"},\"datePublished\":\"2023-08-05T20:19:34+00:00\",\"dateModified\":\"2025-10-30T18:54:51+00:00\",\"breadcrumb\":{\"@id\":\"https:\\\/\\\/retail-services.net\\\/de\\\/rechtliche-hinweise\\\/#breadcrumb\"},\"inLanguage\":\"de\",\"potentialAction\":[{\"@type\":\"ReadAction\",\"target\":[\"https:\\\/\\\/retail-services.net\\\/de\\\/rechtliche-hinweise\\\/\"]}]},{\"@type\":\"BreadcrumbList\",\"@id\":\"https:\\\/\\\/retail-services.net\\\/de\\\/rechtliche-hinweise\\\/#breadcrumb\",\"itemListElement\":[{\"@type\":\"ListItem\",\"position\":1,\"name\":\"Home\",\"item\":\"https:\\\/\\\/retail-services.net\\\/\"},{\"@type\":\"ListItem\",\"position\":2,\"name\":\"Rechtliche Hinweise\"}]},{\"@type\":\"WebSite\",\"@id\":\"https:\\\/\\\/retail-services.net\\\/de\\\/#website\",\"url\":\"https:\\\/\\\/retail-services.net\\\/de\\\/\",\"name\":\"World of Retail Services\",\"description\":\"\",\"publisher\":{\"@id\":\"https:\\\/\\\/retail-services.net\\\/de\\\/#organization\"},\"potentialAction\":[{\"@type\":\"SearchAction\",\"target\":{\"@type\":\"EntryPoint\",\"urlTemplate\":\"https:\\\/\\\/retail-services.net\\\/de\\\/?s={search_term_string}\"},\"query-input\":{\"@type\":\"PropertyValueSpecification\",\"valueRequired\":true,\"valueName\":\"search_term_string\"}}],\"inLanguage\":\"de\"},{\"@type\":\"Organization\",\"@id\":\"https:\\\/\\\/retail-services.net\\\/de\\\/#organization\",\"name\":\"World of Retail Services\",\"url\":\"https:\\\/\\\/retail-services.net\\\/de\\\/\",\"logo\":{\"@type\":\"ImageObject\",\"inLanguage\":\"de\",\"@id\":\"https:\\\/\\\/retail-services.net\\\/de\\\/#\\\/schema\\\/logo\\\/image\\\/\",\"url\":\"https:\\\/\\\/retail-services.net\\\/wp-content\\\/uploads\\\/2023\\\/06\\\/WRS-logo-color.png\",\"contentUrl\":\"https:\\\/\\\/retail-services.net\\\/wp-content\\\/uploads\\\/2023\\\/06\\\/WRS-logo-color.png\",\"width\":616,\"height\":249,\"caption\":\"World of Retail Services\"},\"image\":{\"@id\":\"https:\\\/\\\/retail-services.net\\\/de\\\/#\\\/schema\\\/logo\\\/image\\\/\"},\"sameAs\":[\"https:\\\/\\\/www.facebook.com\\\/WorldofRetailServices\\\/\",\"https:\\\/\\\/www.linkedin.com\\\/company\\\/world-of-retail-services\\\/?originalSubdomain=es\"]}]}<\/script>\n<!-- \/ Yoast SEO plugin. -->","yoast_head_json":{"title":"Rechtliche Hinweise - World of Retail Services","robots":{"index":"index","follow":"follow","max-snippet":"max-snippet:-1","max-image-preview":"max-image-preview:large","max-video-preview":"max-video-preview:-1"},"canonical":"https:\/\/retail-services.net\/de\/rechtliche-hinweise\/","og_locale":"de_DE","og_type":"article","og_title":"Rechtliche Hinweise - World of Retail Services","og_description":"Rechtliche Hinweise &#8211; \u00a0Home World of Retail Services World of Retail Services GmbH Bertha-von-Suttner-Stra\u00dfe 9, 37085 G\u00f6ttingen, Deutschland Telefon: +49 551 2887280 E-mail: info@retail-services.net Vertreten durch David KalininJesse Marc Tillmann Registriert Eingetragen im HandelsregisterGericht der Eintragung: G\u00f6ttingenRegisternummer: HRB 205284 VAT-ID:\u00a0DE295974038 Hinweis gem\u00e4\u00df dem Verbraucherstreitbeilegungsgesetz (VSBG) Wir sind nicht bereit oder verpflichtet, an einem Streitbeilegungsverfahren vor [&hellip;]","og_url":"https:\/\/retail-services.net\/de\/rechtliche-hinweise\/","og_site_name":"World of Retail Services","article_publisher":"https:\/\/www.facebook.com\/WorldofRetailServices\/","article_modified_time":"2025-10-30T18:54:51+00:00","twitter_card":"summary_large_image","twitter_misc":{"Gesch\u00e4tzte Lesezeit":"3\u00a0Minuten"},"schema":{"@context":"https:\/\/schema.org","@graph":[{"@type":"WebPage","@id":"https:\/\/retail-services.net\/de\/rechtliche-hinweise\/","url":"https:\/\/retail-services.net\/de\/rechtliche-hinweise\/","name":"Rechtliche Hinweise - World of Retail Services","isPartOf":{"@id":"https:\/\/retail-services.net\/de\/#website"},"datePublished":"2023-08-05T20:19:34+00:00","dateModified":"2025-10-30T18:54:51+00:00","breadcrumb":{"@id":"https:\/\/retail-services.net\/de\/rechtliche-hinweise\/#breadcrumb"},"inLanguage":"de","potentialAction":[{"@type":"ReadAction","target":["https:\/\/retail-services.net\/de\/rechtliche-hinweise\/"]}]},{"@type":"BreadcrumbList","@id":"https:\/\/retail-services.net\/de\/rechtliche-hinweise\/#breadcrumb","itemListElement":[{"@type":"ListItem","position":1,"name":"Home","item":"https:\/\/retail-services.net\/"},{"@type":"ListItem","position":2,"name":"Rechtliche Hinweise"}]},{"@type":"WebSite","@id":"https:\/\/retail-services.net\/de\/#website","url":"https:\/\/retail-services.net\/de\/","name":"World of Retail Services","description":"","publisher":{"@id":"https:\/\/retail-services.net\/de\/#organization"},"potentialAction":[{"@type":"SearchAction","target":{"@type":"EntryPoint","urlTemplate":"https:\/\/retail-services.net\/de\/?s={search_term_string}"},"query-input":{"@type":"PropertyValueSpecification","valueRequired":true,"valueName":"search_term_string"}}],"inLanguage":"de"},{"@type":"Organization","@id":"https:\/\/retail-services.net\/de\/#organization","name":"World of Retail Services","url":"https:\/\/retail-services.net\/de\/","logo":{"@type":"ImageObject","inLanguage":"de","@id":"https:\/\/retail-services.net\/de\/#\/schema\/logo\/image\/","url":"https:\/\/retail-services.net\/wp-content\/uploads\/2023\/06\/WRS-logo-color.png","contentUrl":"https:\/\/retail-services.net\/wp-content\/uploads\/2023\/06\/WRS-logo-color.png","width":616,"height":249,"caption":"World of Retail Services"},"image":{"@id":"https:\/\/retail-services.net\/de\/#\/schema\/logo\/image\/"},"sameAs":["https:\/\/www.facebook.com\/WorldofRetailServices\/","https:\/\/www.linkedin.com\/company\/world-of-retail-services\/?originalSubdomain=es"]}]}},"_links":{"self":[{"href":"https:\/\/retail-services.net\/de\/wp-json\/wp\/v2\/pages\/2137","targetHints":{"allow":["GET"]}}],"collection":[{"href":"https:\/\/retail-services.net\/de\/wp-json\/wp\/v2\/pages"}],"about":[{"href":"https:\/\/retail-services.net\/de\/wp-json\/wp\/v2\/types\/page"}],"author":[{"embeddable":true,"href":"https:\/\/retail-services.net\/de\/wp-json\/wp\/v2\/users\/1"}],"replies":[{"embeddable":true,"href":"https:\/\/retail-services.net\/de\/wp-json\/wp\/v2\/comments?post=2137"}],"version-history":[{"count":26,"href":"https:\/\/retail-services.net\/de\/wp-json\/wp\/v2\/pages\/2137\/revisions"}],"predecessor-version":[{"id":3715,"href":"https:\/\/retail-services.net\/de\/wp-json\/wp\/v2\/pages\/2137\/revisions\/3715"}],"wp:attachment":[{"href":"https:\/\/retail-services.net\/de\/wp-json\/wp\/v2\/media?parent=2137"}],"curies":[{"name":"wp","href":"https:\/\/api.w.org\/{rel}","templated":true}]}}