{"id":1803,"date":"2023-07-25T12:47:48","date_gmt":"2023-07-25T12:47:48","guid":{"rendered":"http:\/\/retail-services.net\/nachhaltigkeit\/"},"modified":"2023-08-10T17:44:26","modified_gmt":"2023-08-10T17:44:26","slug":"nachhaltigkeit","status":"publish","type":"page","link":"https:\/\/retail-services.net\/de\/nachhaltigkeit\/","title":{"rendered":"Nachhaltigkeit"},"content":{"rendered":"\t\t<div data-elementor-type=\"wp-page\" data-elementor-id=\"1803\" class=\"elementor elementor-1803 elementor-742\" data-elementor-post-type=\"page\">\n\t\t\t\t\t\t<section class=\"elementor-section elementor-top-section elementor-element elementor-element-ab79308 elementor-section-boxed elementor-section-height-default elementor-section-height-default\" data-id=\"ab79308\" data-element_type=\"section\" data-e-type=\"section\">\n\t\t\t\t\t\t<div class=\"elementor-container elementor-column-gap-default\">\n\t\t\t\t\t<div class=\"elementor-column elementor-col-100 elementor-top-column elementor-element elementor-element-4df2986\" data-id=\"4df2986\" data-element_type=\"column\" data-e-type=\"column\">\n\t\t\t<div class=\"elementor-widget-wrap elementor-element-populated\">\n\t\t\t\t\t\t<div class=\"elementor-element elementor-element-d05a6fc elementor-widget elementor-widget-text-editor\" data-id=\"d05a6fc\" data-element_type=\"widget\" data-e-type=\"widget\" data-widget_type=\"text-editor.default\">\n\t\t\t\t<div class=\"elementor-widget-container\">\n\t\t\t\t\t\t\t\t\t<p>Nachhaltigkeit &#8211; \u00a0<a href=\"https:\/\/retail-services.net\/de\/\">Home<\/a><\/p>\t\t\t\t\t\t\t\t<\/div>\n\t\t\t\t<\/div>\n\t\t\t\t<div class=\"elementor-element elementor-element-793c5d0 elementor-widget elementor-widget-heading\" data-id=\"793c5d0\" data-element_type=\"widget\" data-e-type=\"widget\" data-widget_type=\"heading.default\">\n\t\t\t\t<div class=\"elementor-widget-container\">\n\t\t\t\t\t<div class=\"elementor-heading-title elementor-size-default\">World of Retail Services<\/div>\t\t\t\t<\/div>\n\t\t\t\t<\/div>\n\t\t\t\t<div class=\"elementor-element elementor-element-bc39dba elementor-widget elementor-widget-heading\" data-id=\"bc39dba\" data-element_type=\"widget\" data-e-type=\"widget\" data-widget_type=\"heading.default\">\n\t\t\t\t<div class=\"elementor-widget-container\">\n\t\t\t\t\t<h1 class=\"elementor-heading-title elementor-size-default\">Engagement f\u00fcr Nachhaltigkeit f\u00fcr eine bessere Zukunft<\/h1>\t\t\t\t<\/div>\n\t\t\t\t<\/div>\n\t\t\t\t<div class=\"elementor-element elementor-element-2a504ac elementor-widget elementor-widget-text-editor\" data-id=\"2a504ac\" data-element_type=\"widget\" data-e-type=\"widget\" data-widget_type=\"text-editor.default\">\n\t\t\t\t<div class=\"elementor-widget-container\">\n\t\t\t\t\t\t\t\t\t<p><span style=\"font-weight: 400;\">Bei World of Retail Services glauben wir, dass Nachhaltigkeit nicht nur ein Schlagwort ist. Sie ist ein grundlegendes Prinzip, das unsere Gesch\u00e4ftspraktiken leitet und unsere Vision einer besseren Welt pr\u00e4gt. Wir sind bestrebt, einen positiven Einfluss auf die Umwelt, die Gesellschaft und die Wirtschaft zu nehmen.<\/span><\/p><p><span style=\"font-weight: 400;\"><strong>Lokaler Fokus, globale Wirkung<\/strong>: Wir wissen, wie wichtig es ist, lokale Regionen und Gemeinden zu unterst\u00fctzen. Durch die Beschaffung von Materialien und die Zusammenarbeit mit lokalen Zulieferern reduzieren wir den mit dem Transport verbundenen CO2-Aussto\u00df und f\u00f6rdern das regionale Wachstum. Wir arbeiten eng mit lokalen Auftragnehmern und Produzenten zusammen und f\u00f6rdern so eine symbiotische Beziehung, die nachhaltige Praktiken f\u00f6rdert und qualitativ hochwertige Produkte gew\u00e4hrleistet. Unser Engagement f\u00fcr die lokale Beschaffung tr\u00e4gt nicht nur zum Schutz von Klima und Umwelt bei, sondern st\u00e4rkt auch das soziale Gef\u00fcge der Gemeinden, in denen wir t\u00e4tig sind.<\/span><\/p><p><span style=\"font-weight: 400;\"><strong>Optimales Management der Lieferkette<\/strong>: Eine effiziente und nachhaltige Koordination der Lieferkette ist ein Eckpfeiler unseres Engagements f\u00fcr Nachhaltigkeit. Wir bem\u00fchen uns, Abfall, Emissionen und Ressourcenverbrauch in unserer gesamten Lieferkette zu minimieren. Durch die Optimierung der Transportwege, die Einf\u00fchrung schlanker Produktionsverfahren und die Nutzung innovativer Technologien wollen wir Prozesse rationalisieren und die Umweltbelastung reduzieren. Unser Engagement f\u00fcr kontinuierliche Verbesserungen stellt sicher, dass wir unsere Praktiken in der Lieferkette st\u00e4ndig bewerten und verbessern, wobei die Nachhaltigkeit immer im Vordergrund steht.<\/span><\/p><p><span style=\"font-weight: 400;\"><strong>Einhaltung von EU- und US-Richtlinien und -Vorschriften<\/strong>: Als verantwortungsbewusster Weltb\u00fcrger wissen wir, wie wichtig die Einhaltung internationaler Richtlinien und Vorschriften ist. Wir legen gro\u00dfen Wert auf die Einhaltung der EU- und US-Nachhaltigkeitsstandards, um sicherzustellen, dass unsere Dienstleistungen alle \u00f6kologischen und ethischen Ma\u00dfst\u00e4be erf\u00fcllen und einen globalen Gesellschaftsvertrag einhalten.<\/span><\/p><p><span style=\"font-weight: 400;\"><strong>\u00dcber die Einhaltung der Vorschriften hinaus<\/strong>: Den l\u00e4ngeren Weg gehen: Die Einhaltung gesetzlicher Vorschriften ist zwar unerl\u00e4sslich, aber wir gehen dar\u00fcber hinaus, um positive Ver\u00e4nderungen zu bewirken. Wir streben danach, die Standards zu \u00fcbertreffen, indem wir aktiv nach M\u00f6glichkeiten suchen, Abf\u00e4lle zu reduzieren, die Prinzipien der Kreislaufwirtschaft zu f\u00f6rdern und nachhaltige Innovationen zu unterst\u00fctzen. Unser Ziel ist es, unsere Kunden zu inspirieren und zu bef\u00e4higen, nachhaltige Entscheidungen zu treffen, um so die Wirkung, die wir gemeinsam erzielen k\u00f6nnen, zu verst\u00e4rken.<\/span><\/p><p><span style=\"font-weight: 400;\">Bei World of Retail Services ist Nachhaltigkeit mehr als eine Unternehmensstrategie. Wir haben uns der Schaffung einer besseren Zukunft verschrieben, indem wir die Nachhaltigkeit in jeden Aspekt unserer T\u00e4tigkeit integrieren. Wir sind stolz darauf, eine Vorreiterrolle auf dem Weg zu einer nachhaltigeren Welt einzunehmen, indem wir den Schwerpunkt auf Regionalit\u00e4t legen, unsere Lieferkette optimieren und uns an die Richtlinien und Vorschriften der EU und der USA halten.<\/span><\/p><p><span style=\"font-weight: 400;\">Lassen Sie uns gemeinsam das Thema Nachhaltigkeit aufgreifen und einen dauerhaften Unterschied machen. Begleiten Sie uns noch heute auf dieser transformativen Reise.<\/span><\/p>\t\t\t\t\t\t\t\t<\/div>\n\t\t\t\t<\/div>\n\t\t\t\t\t<\/div>\n\t\t<\/div>\n\t\t\t\t\t<\/div>\n\t\t<\/section>\n\t\t\t\t<\/div>\n\t\t","protected":false},"excerpt":{"rendered":"<p>Nachhaltigkeit &#8211; \u00a0Home World of Retail Services Engagement f\u00fcr Nachhaltigkeit f\u00fcr eine bessere Zukunft Bei World of Retail Services glauben wir, dass Nachhaltigkeit nicht nur ein Schlagwort ist. Sie ist ein grundlegendes Prinzip, das unsere Gesch\u00e4ftspraktiken leitet und unsere Vision einer besseren Welt pr\u00e4gt. Wir sind bestrebt, einen positiven Einfluss auf die Umwelt, die Gesellschaft [&hellip;]<\/p>\n","protected":false},"author":1,"featured_media":0,"parent":0,"menu_order":0,"comment_status":"closed","ping_status":"closed","template":"","meta":{"footnotes":""},"class_list":["post-1803","page","type-page","status-publish","hentry"],"yoast_head":"<!-- This site is optimized with the Yoast SEO plugin v27.3 - https:\/\/yoast.com\/product\/yoast-seo-wordpress\/ -->\n<title>Nachhaltigkeit - World of Retail Services<\/title>\n<meta name=\"robots\" content=\"index, follow, max-snippet:-1, max-image-preview:large, max-video-preview:-1\" \/>\n<link rel=\"canonical\" href=\"https:\/\/retail-services.net\/sustainability\/\" \/>\n<meta property=\"og:locale\" content=\"de_DE\" \/>\n<meta property=\"og:type\" content=\"article\" \/>\n<meta property=\"og:title\" content=\"Nachhaltigkeit - World of Retail Services\" \/>\n<meta property=\"og:description\" content=\"Nachhaltigkeit &#8211; \u00a0Home World of Retail Services Engagement f\u00fcr Nachhaltigkeit f\u00fcr eine bessere Zukunft Bei World of Retail Services glauben wir, dass Nachhaltigkeit nicht nur ein Schlagwort ist. Sie ist ein grundlegendes Prinzip, das unsere Gesch\u00e4ftspraktiken leitet und unsere Vision einer besseren Welt pr\u00e4gt. Wir sind bestrebt, einen positiven Einfluss auf die Umwelt, die Gesellschaft [&hellip;]\" \/>\n<meta property=\"og:url\" content=\"https:\/\/retail-services.net\/sustainability\/\" \/>\n<meta property=\"og:site_name\" content=\"World of Retail Services\" \/>\n<meta property=\"article:publisher\" content=\"https:\/\/www.facebook.com\/WorldofRetailServices\/\" \/>\n<meta property=\"article:modified_time\" content=\"2023-08-10T17:44:26+00:00\" \/>\n<meta name=\"twitter:card\" content=\"summary_large_image\" \/>\n<meta name=\"twitter:label1\" content=\"Gesch\u00e4tzte Lesezeit\" \/>\n\t<meta name=\"twitter:data1\" content=\"3\u00a0Minuten\" \/>\n<script type=\"application\/ld+json\" class=\"yoast-schema-graph\">{\"@context\":\"https:\\\/\\\/schema.org\",\"@graph\":[{\"@type\":\"WebPage\",\"@id\":\"https:\\\/\\\/retail-services.net\\\/sustainability\\\/\",\"url\":\"https:\\\/\\\/retail-services.net\\\/sustainability\\\/\",\"name\":\"Nachhaltigkeit - World of Retail Services\",\"isPartOf\":{\"@id\":\"https:\\\/\\\/retail-services.net\\\/de\\\/#website\"},\"datePublished\":\"2023-07-25T12:47:48+00:00\",\"dateModified\":\"2023-08-10T17:44:26+00:00\",\"breadcrumb\":{\"@id\":\"https:\\\/\\\/retail-services.net\\\/sustainability\\\/#breadcrumb\"},\"inLanguage\":\"de\",\"potentialAction\":[{\"@type\":\"ReadAction\",\"target\":[\"https:\\\/\\\/retail-services.net\\\/sustainability\\\/\"]}]},{\"@type\":\"BreadcrumbList\",\"@id\":\"https:\\\/\\\/retail-services.net\\\/sustainability\\\/#breadcrumb\",\"itemListElement\":[{\"@type\":\"ListItem\",\"position\":1,\"name\":\"Home\",\"item\":\"https:\\\/\\\/retail-services.net\\\/\"},{\"@type\":\"ListItem\",\"position\":2,\"name\":\"Nachhaltigkeit\"}]},{\"@type\":\"WebSite\",\"@id\":\"https:\\\/\\\/retail-services.net\\\/de\\\/#website\",\"url\":\"https:\\\/\\\/retail-services.net\\\/de\\\/\",\"name\":\"World of Retail Services\",\"description\":\"\",\"publisher\":{\"@id\":\"https:\\\/\\\/retail-services.net\\\/de\\\/#organization\"},\"potentialAction\":[{\"@type\":\"SearchAction\",\"target\":{\"@type\":\"EntryPoint\",\"urlTemplate\":\"https:\\\/\\\/retail-services.net\\\/de\\\/?s={search_term_string}\"},\"query-input\":{\"@type\":\"PropertyValueSpecification\",\"valueRequired\":true,\"valueName\":\"search_term_string\"}}],\"inLanguage\":\"de\"},{\"@type\":\"Organization\",\"@id\":\"https:\\\/\\\/retail-services.net\\\/de\\\/#organization\",\"name\":\"World of Retail Services\",\"url\":\"https:\\\/\\\/retail-services.net\\\/de\\\/\",\"logo\":{\"@type\":\"ImageObject\",\"inLanguage\":\"de\",\"@id\":\"https:\\\/\\\/retail-services.net\\\/de\\\/#\\\/schema\\\/logo\\\/image\\\/\",\"url\":\"https:\\\/\\\/retail-services.net\\\/wp-content\\\/uploads\\\/2023\\\/06\\\/WRS-logo-color.png\",\"contentUrl\":\"https:\\\/\\\/retail-services.net\\\/wp-content\\\/uploads\\\/2023\\\/06\\\/WRS-logo-color.png\",\"width\":616,\"height\":249,\"caption\":\"World of Retail Services\"},\"image\":{\"@id\":\"https:\\\/\\\/retail-services.net\\\/de\\\/#\\\/schema\\\/logo\\\/image\\\/\"},\"sameAs\":[\"https:\\\/\\\/www.facebook.com\\\/WorldofRetailServices\\\/\",\"https:\\\/\\\/www.linkedin.com\\\/company\\\/world-of-retail-services\\\/?originalSubdomain=es\"]}]}<\/script>\n<!-- \/ Yoast SEO plugin. -->","yoast_head_json":{"title":"Nachhaltigkeit - World of Retail Services","robots":{"index":"index","follow":"follow","max-snippet":"max-snippet:-1","max-image-preview":"max-image-preview:large","max-video-preview":"max-video-preview:-1"},"canonical":"https:\/\/retail-services.net\/sustainability\/","og_locale":"de_DE","og_type":"article","og_title":"Nachhaltigkeit - World of Retail Services","og_description":"Nachhaltigkeit &#8211; \u00a0Home World of Retail Services Engagement f\u00fcr Nachhaltigkeit f\u00fcr eine bessere Zukunft Bei World of Retail Services glauben wir, dass Nachhaltigkeit nicht nur ein Schlagwort ist. Sie ist ein grundlegendes Prinzip, das unsere Gesch\u00e4ftspraktiken leitet und unsere Vision einer besseren Welt pr\u00e4gt. Wir sind bestrebt, einen positiven Einfluss auf die Umwelt, die Gesellschaft [&hellip;]","og_url":"https:\/\/retail-services.net\/sustainability\/","og_site_name":"World of Retail Services","article_publisher":"https:\/\/www.facebook.com\/WorldofRetailServices\/","article_modified_time":"2023-08-10T17:44:26+00:00","twitter_card":"summary_large_image","twitter_misc":{"Gesch\u00e4tzte Lesezeit":"3\u00a0Minuten"},"schema":{"@context":"https:\/\/schema.org","@graph":[{"@type":"WebPage","@id":"https:\/\/retail-services.net\/sustainability\/","url":"https:\/\/retail-services.net\/sustainability\/","name":"Nachhaltigkeit - World of Retail Services","isPartOf":{"@id":"https:\/\/retail-services.net\/de\/#website"},"datePublished":"2023-07-25T12:47:48+00:00","dateModified":"2023-08-10T17:44:26+00:00","breadcrumb":{"@id":"https:\/\/retail-services.net\/sustainability\/#breadcrumb"},"inLanguage":"de","potentialAction":[{"@type":"ReadAction","target":["https:\/\/retail-services.net\/sustainability\/"]}]},{"@type":"BreadcrumbList","@id":"https:\/\/retail-services.net\/sustainability\/#breadcrumb","itemListElement":[{"@type":"ListItem","position":1,"name":"Home","item":"https:\/\/retail-services.net\/"},{"@type":"ListItem","position":2,"name":"Nachhaltigkeit"}]},{"@type":"WebSite","@id":"https:\/\/retail-services.net\/de\/#website","url":"https:\/\/retail-services.net\/de\/","name":"World of Retail Services","description":"","publisher":{"@id":"https:\/\/retail-services.net\/de\/#organization"},"potentialAction":[{"@type":"SearchAction","target":{"@type":"EntryPoint","urlTemplate":"https:\/\/retail-services.net\/de\/?s={search_term_string}"},"query-input":{"@type":"PropertyValueSpecification","valueRequired":true,"valueName":"search_term_string"}}],"inLanguage":"de"},{"@type":"Organization","@id":"https:\/\/retail-services.net\/de\/#organization","name":"World of Retail Services","url":"https:\/\/retail-services.net\/de\/","logo":{"@type":"ImageObject","inLanguage":"de","@id":"https:\/\/retail-services.net\/de\/#\/schema\/logo\/image\/","url":"https:\/\/retail-services.net\/wp-content\/uploads\/2023\/06\/WRS-logo-color.png","contentUrl":"https:\/\/retail-services.net\/wp-content\/uploads\/2023\/06\/WRS-logo-color.png","width":616,"height":249,"caption":"World of Retail Services"},"image":{"@id":"https:\/\/retail-services.net\/de\/#\/schema\/logo\/image\/"},"sameAs":["https:\/\/www.facebook.com\/WorldofRetailServices\/","https:\/\/www.linkedin.com\/company\/world-of-retail-services\/?originalSubdomain=es"]}]}},"_links":{"self":[{"href":"https:\/\/retail-services.net\/de\/wp-json\/wp\/v2\/pages\/1803","targetHints":{"allow":["GET"]}}],"collection":[{"href":"https:\/\/retail-services.net\/de\/wp-json\/wp\/v2\/pages"}],"about":[{"href":"https:\/\/retail-services.net\/de\/wp-json\/wp\/v2\/types\/page"}],"author":[{"embeddable":true,"href":"https:\/\/retail-services.net\/de\/wp-json\/wp\/v2\/users\/1"}],"replies":[{"embeddable":true,"href":"https:\/\/retail-services.net\/de\/wp-json\/wp\/v2\/comments?post=1803"}],"version-history":[{"count":10,"href":"https:\/\/retail-services.net\/de\/wp-json\/wp\/v2\/pages\/1803\/revisions"}],"predecessor-version":[{"id":2317,"href":"https:\/\/retail-services.net\/de\/wp-json\/wp\/v2\/pages\/1803\/revisions\/2317"}],"wp:attachment":[{"href":"https:\/\/retail-services.net\/de\/wp-json\/wp\/v2\/media?parent=1803"}],"curies":[{"name":"wp","href":"https:\/\/api.w.org\/{rel}","templated":true}]}}